{"id":1145,"date":"2018-07-04T17:20:30","date_gmt":"2018-07-04T17:20:30","guid":{"rendered":"https:\/\/africagastronomique.com\/?post_type=product&#038;p=1145"},"modified":"2018-07-11T07:19:40","modified_gmt":"2018-07-11T07:19:40","slug":"caramelized-pineapple-vegetable-omelette","status":"publish","type":"product","link":"https:\/\/africagastronomique.com\/en\/product\/caramelized-pineapple-vegetable-omelette\/","title":{"rendered":"Caramelized pineapple vegetable omelette"},"content":{"rendered":"<p>Caramelized pineapple vegetable omelette. Diet dish. Ghana country to consume hot.<\/p>","protected":false},"excerpt":{"rendered":"<p>Caramelized pineapple vegetable omelette. Diet dish. Ghana country to consume hot.<\/p>","protected":false},"featured_media":1168,"comment_status":"closed","ping_status":"closed","template":"","meta":[],"class_list":["post-1145","product","type-product","status-publish","has-post-thumbnail","hentry","product_cat-dish_of_resistance"],"yoast_head":"<!-- This site is optimized with the Yoast SEO plugin v21.4 - https:\/\/yoast.com\/wordpress\/plugins\/seo\/ -->\n<title>Caramelized pineapple vegetable omelette - AFRICA GASTRONOMIQUE<\/title>\n<meta name=\"robots\" content=\"index, follow, max-snippet:-1, max-image-preview:large, max-video-preview:-1\" \/>\n<link rel=\"canonical\" href=\"https:\/\/africagastronomique.com\/en\/product\/caramelized-pineapple-vegetable-omelette\/\" \/>\n<meta property=\"og:locale\" content=\"en_US\" \/>\n<meta property=\"og:type\" content=\"article\" \/>\n<meta property=\"og:title\" content=\"Caramelized pineapple vegetable omelette - AFRICA GASTRONOMIQUE\" \/>\n<meta property=\"og:description\" content=\"Caramelized pineapple vegetable omelette. Diet dish. Ghana country to consume hot.\" \/>\n<meta property=\"og:url\" content=\"https:\/\/africagastronomique.com\/en\/product\/caramelized-pineapple-vegetable-omelette\/\" \/>\n<meta property=\"og:site_name\" content=\"AFRICA GASTRONOMIQUE\" \/>\n<meta property=\"article:modified_time\" content=\"2018-07-11T07:19:40+00:00\" \/>\n<meta property=\"og:image\" content=\"https:\/\/africagastronomique.com\/wp-content\/uploads\/2018\/07\/Omelette-v\u00e9g\u00e9tale-ananas-caram\u00e9lis\u00e9..jpeg\" \/>\n\t<meta property=\"og:image:width\" content=\"1048\" \/>\n\t<meta property=\"og:image:height\" content=\"700\" \/>\n\t<meta property=\"og:image:type\" content=\"image\/jpeg\" \/>\n<meta name=\"twitter:card\" content=\"summary_large_image\" \/>\n<script type=\"application\/ld+json\" class=\"yoast-schema-graph\">{\"@context\":\"https:\/\/schema.org\",\"@graph\":[{\"@type\":\"WebPage\",\"@id\":\"https:\/\/africagastronomique.com\/produit\/caramelized-pineapple-vegetable-omelette\/\",\"url\":\"https:\/\/africagastronomique.com\/produit\/caramelized-pineapple-vegetable-omelette\/\",\"name\":\"Caramelized pineapple vegetable omelette - AFRICA GASTRONOMIQUE\",\"isPartOf\":{\"@id\":\"https:\/\/africagastronomique.com\/#website\"},\"datePublished\":\"2018-07-04T17:20:30+00:00\",\"dateModified\":\"2018-07-11T07:19:40+00:00\",\"breadcrumb\":{\"@id\":\"https:\/\/africagastronomique.com\/produit\/caramelized-pineapple-vegetable-omelette\/#breadcrumb\"},\"inLanguage\":\"en-US\",\"potentialAction\":[{\"@type\":\"ReadAction\",\"target\":[\"https:\/\/africagastronomique.com\/produit\/caramelized-pineapple-vegetable-omelette\/\"]}]},{\"@type\":\"BreadcrumbList\",\"@id\":\"https:\/\/africagastronomique.com\/produit\/caramelized-pineapple-vegetable-omelette\/#breadcrumb\",\"itemListElement\":[{\"@type\":\"ListItem\",\"position\":1,\"name\":\"Accueil\",\"item\":\"https:\/\/africagastronomique.com\/\"},{\"@type\":\"ListItem\",\"position\":2,\"name\":\"Produits\",\"item\":\"https:\/\/africagastronomique.com\/shop\/\"},{\"@type\":\"ListItem\",\"position\":3,\"name\":\"Caramelized pineapple vegetable omelette\"}]},{\"@type\":\"WebSite\",\"@id\":\"https:\/\/africagastronomique.com\/#website\",\"url\":\"https:\/\/africagastronomique.com\/\",\"name\":\"AFRICA GASTRONOMIQUE\",\"description\":\"\",\"publisher\":{\"@id\":\"https:\/\/africagastronomique.com\/#organization\"},\"potentialAction\":[{\"@type\":\"SearchAction\",\"target\":{\"@type\":\"EntryPoint\",\"urlTemplate\":\"https:\/\/africagastronomique.com\/?s={search_term_string}\"},\"query-input\":\"required name=search_term_string\"}],\"inLanguage\":\"en-US\"},{\"@type\":\"Organization\",\"@id\":\"https:\/\/africagastronomique.com\/#organization\",\"name\":\"AFRICA GASTRONOMIQUE\",\"url\":\"https:\/\/africagastronomique.com\/\",\"logo\":{\"@type\":\"ImageObject\",\"inLanguage\":\"en-US\",\"@id\":\"https:\/\/africagastronomique.com\/#\/schema\/logo\/image\/\",\"url\":\"https:\/\/africagastronomique.com\/wp-content\/uploads\/2020\/01\/cropped-cropped-logoafrique.png\",\"contentUrl\":\"https:\/\/africagastronomique.com\/wp-content\/uploads\/2020\/01\/cropped-cropped-logoafrique.png\",\"width\":121,\"height\":120,\"caption\":\"AFRICA GASTRONOMIQUE\"},\"image\":{\"@id\":\"https:\/\/africagastronomique.com\/#\/schema\/logo\/image\/\"}}]}<\/script>\n<!-- \/ Yoast SEO plugin. -->","yoast_head_json":{"title":"Caramelized pineapple vegetable omelette - AFRICA GASTRONOMIQUE","robots":{"index":"index","follow":"follow","max-snippet":"max-snippet:-1","max-image-preview":"max-image-preview:large","max-video-preview":"max-video-preview:-1"},"canonical":"https:\/\/africagastronomique.com\/en\/product\/caramelized-pineapple-vegetable-omelette\/","og_locale":"en_US","og_type":"article","og_title":"Caramelized pineapple vegetable omelette - AFRICA GASTRONOMIQUE","og_description":"Caramelized pineapple vegetable omelette. Diet dish. Ghana country to consume hot.","og_url":"https:\/\/africagastronomique.com\/en\/product\/caramelized-pineapple-vegetable-omelette\/","og_site_name":"AFRICA GASTRONOMIQUE","article_modified_time":"2018-07-11T07:19:40+00:00","og_image":[{"width":1048,"height":700,"url":"https:\/\/africagastronomique.com\/wp-content\/uploads\/2018\/07\/Omelette-v\u00e9g\u00e9tale-ananas-caram\u00e9lis\u00e9..jpeg","type":"image\/jpeg"}],"twitter_card":"summary_large_image","schema":{"@context":"https:\/\/schema.org","@graph":[{"@type":"WebPage","@id":"https:\/\/africagastronomique.com\/produit\/caramelized-pineapple-vegetable-omelette\/","url":"https:\/\/africagastronomique.com\/produit\/caramelized-pineapple-vegetable-omelette\/","name":"Caramelized pineapple vegetable omelette - AFRICA GASTRONOMIQUE","isPartOf":{"@id":"https:\/\/africagastronomique.com\/#website"},"datePublished":"2018-07-04T17:20:30+00:00","dateModified":"2018-07-11T07:19:40+00:00","breadcrumb":{"@id":"https:\/\/africagastronomique.com\/produit\/caramelized-pineapple-vegetable-omelette\/#breadcrumb"},"inLanguage":"en-US","potentialAction":[{"@type":"ReadAction","target":["https:\/\/africagastronomique.com\/produit\/caramelized-pineapple-vegetable-omelette\/"]}]},{"@type":"BreadcrumbList","@id":"https:\/\/africagastronomique.com\/produit\/caramelized-pineapple-vegetable-omelette\/#breadcrumb","itemListElement":[{"@type":"ListItem","position":1,"name":"Accueil","item":"https:\/\/africagastronomique.com\/"},{"@type":"ListItem","position":2,"name":"Produits","item":"https:\/\/africagastronomique.com\/shop\/"},{"@type":"ListItem","position":3,"name":"Caramelized pineapple vegetable omelette"}]},{"@type":"WebSite","@id":"https:\/\/africagastronomique.com\/#website","url":"https:\/\/africagastronomique.com\/","name":"AFRICA GASTRONOMIQUE","description":"","publisher":{"@id":"https:\/\/africagastronomique.com\/#organization"},"potentialAction":[{"@type":"SearchAction","target":{"@type":"EntryPoint","urlTemplate":"https:\/\/africagastronomique.com\/?s={search_term_string}"},"query-input":"required name=search_term_string"}],"inLanguage":"en-US"},{"@type":"Organization","@id":"https:\/\/africagastronomique.com\/#organization","name":"AFRICA GASTRONOMIQUE","url":"https:\/\/africagastronomique.com\/","logo":{"@type":"ImageObject","inLanguage":"en-US","@id":"https:\/\/africagastronomique.com\/#\/schema\/logo\/image\/","url":"https:\/\/africagastronomique.com\/wp-content\/uploads\/2020\/01\/cropped-cropped-logoafrique.png","contentUrl":"https:\/\/africagastronomique.com\/wp-content\/uploads\/2020\/01\/cropped-cropped-logoafrique.png","width":121,"height":120,"caption":"AFRICA GASTRONOMIQUE"},"image":{"@id":"https:\/\/africagastronomique.com\/#\/schema\/logo\/image\/"}}]}},"_links":{"self":[{"href":"https:\/\/africagastronomique.com\/en\/wp-json\/wp\/v2\/product\/1145","targetHints":{"allow":["GET"]}}],"collection":[{"href":"https:\/\/africagastronomique.com\/en\/wp-json\/wp\/v2\/product"}],"about":[{"href":"https:\/\/africagastronomique.com\/en\/wp-json\/wp\/v2\/types\/product"}],"replies":[{"embeddable":true,"href":"https:\/\/africagastronomique.com\/en\/wp-json\/wp\/v2\/comments?post=1145"}],"wp:featuredmedia":[{"embeddable":true,"href":"https:\/\/africagastronomique.com\/en\/wp-json\/wp\/v2\/media\/1168"}],"wp:attachment":[{"href":"https:\/\/africagastronomique.com\/en\/wp-json\/wp\/v2\/media?parent=1145"}],"curies":[{"name":"wp","href":"https:\/\/api.w.org\/{rel}","templated":true}]}}