{"id":1144,"date":"2018-07-04T17:13:53","date_gmt":"2018-07-04T17:13:53","guid":{"rendered":"https:\/\/africagastronomique.com\/?post_type=product&#038;p=1144"},"modified":"2018-07-11T07:21:01","modified_gmt":"2018-07-11T07:21:01","slug":"corn-couscous-ndole-smoked-fish","status":"publish","type":"product","link":"https:\/\/africagastronomique.com\/en\/product\/corn-couscous-ndole-smoked-fish\/","title":{"rendered":"Corn Couscous Ndol\u00e9 smoked fish"},"content":{"rendered":"<p>Couscous de ma\u00efs Ndol\u00e9 poisson fum\u00e9. Pays Cameroun \u00e0 consommer \u00e0 chaud.<\/p>","protected":false},"excerpt":{"rendered":"<p>Couscous de ma\u00efs Ndol\u00e9 poisson fum\u00e9. Pays Cameroun \u00e0 consommer \u00e0 chaud.<\/p>","protected":false},"featured_media":1165,"comment_status":"closed","ping_status":"closed","template":"","meta":[],"class_list":["post-1144","product","type-product","status-publish","has-post-thumbnail","hentry","product_cat-dish_of_resistance"],"yoast_head":"<!-- This site is optimized with the Yoast SEO plugin v21.4 - https:\/\/yoast.com\/wordpress\/plugins\/seo\/ -->\n<title>Corn Couscous Ndol\u00e9 smoked fish - AFRICA GASTRONOMIQUE<\/title>\n<meta name=\"robots\" content=\"index, follow, max-snippet:-1, max-image-preview:large, max-video-preview:-1\" \/>\n<link rel=\"canonical\" href=\"https:\/\/africagastronomique.com\/en\/product\/corn-couscous-ndole-smoked-fish\/\" \/>\n<meta property=\"og:locale\" content=\"en_US\" \/>\n<meta property=\"og:type\" content=\"article\" \/>\n<meta property=\"og:title\" content=\"Corn Couscous Ndol\u00e9 smoked fish - AFRICA GASTRONOMIQUE\" \/>\n<meta property=\"og:description\" content=\"Couscous de ma\u00efs Ndol\u00e9 poisson fum\u00e9. Pays Cameroun \u00e0 consommer \u00e0 chaud.\" \/>\n<meta property=\"og:url\" content=\"https:\/\/africagastronomique.com\/en\/product\/corn-couscous-ndole-smoked-fish\/\" \/>\n<meta property=\"og:site_name\" content=\"AFRICA GASTRONOMIQUE\" \/>\n<meta property=\"article:modified_time\" content=\"2018-07-11T07:21:01+00:00\" \/>\n<meta property=\"og:image\" content=\"https:\/\/africagastronomique.com\/wp-content\/uploads\/2018\/07\/Couscous-de-ma\u00efs-Ndol\u00e9-poisson-fum\u00e92.jpeg\" \/>\n\t<meta property=\"og:image:width\" content=\"1078\" \/>\n\t<meta property=\"og:image:height\" content=\"756\" \/>\n\t<meta property=\"og:image:type\" content=\"image\/jpeg\" \/>\n<meta name=\"twitter:card\" content=\"summary_large_image\" \/>\n<script type=\"application\/ld+json\" class=\"yoast-schema-graph\">{\"@context\":\"https:\/\/schema.org\",\"@graph\":[{\"@type\":\"WebPage\",\"@id\":\"https:\/\/africagastronomique.com\/produit\/corn-couscous-ndole-smoked-fish\/\",\"url\":\"https:\/\/africagastronomique.com\/produit\/corn-couscous-ndole-smoked-fish\/\",\"name\":\"Corn Couscous Ndol\u00e9 smoked fish - AFRICA GASTRONOMIQUE\",\"isPartOf\":{\"@id\":\"https:\/\/africagastronomique.com\/#website\"},\"datePublished\":\"2018-07-04T17:13:53+00:00\",\"dateModified\":\"2018-07-11T07:21:01+00:00\",\"breadcrumb\":{\"@id\":\"https:\/\/africagastronomique.com\/produit\/corn-couscous-ndole-smoked-fish\/#breadcrumb\"},\"inLanguage\":\"en-US\",\"potentialAction\":[{\"@type\":\"ReadAction\",\"target\":[\"https:\/\/africagastronomique.com\/produit\/corn-couscous-ndole-smoked-fish\/\"]}]},{\"@type\":\"BreadcrumbList\",\"@id\":\"https:\/\/africagastronomique.com\/produit\/corn-couscous-ndole-smoked-fish\/#breadcrumb\",\"itemListElement\":[{\"@type\":\"ListItem\",\"position\":1,\"name\":\"Accueil\",\"item\":\"https:\/\/africagastronomique.com\/\"},{\"@type\":\"ListItem\",\"position\":2,\"name\":\"Produits\",\"item\":\"https:\/\/africagastronomique.com\/shop\/\"},{\"@type\":\"ListItem\",\"position\":3,\"name\":\"Corn Couscous Ndol\u00e9 smoked fish\"}]},{\"@type\":\"WebSite\",\"@id\":\"https:\/\/africagastronomique.com\/#website\",\"url\":\"https:\/\/africagastronomique.com\/\",\"name\":\"AFRICA GASTRONOMIQUE\",\"description\":\"\",\"publisher\":{\"@id\":\"https:\/\/africagastronomique.com\/#organization\"},\"potentialAction\":[{\"@type\":\"SearchAction\",\"target\":{\"@type\":\"EntryPoint\",\"urlTemplate\":\"https:\/\/africagastronomique.com\/?s={search_term_string}\"},\"query-input\":\"required name=search_term_string\"}],\"inLanguage\":\"en-US\"},{\"@type\":\"Organization\",\"@id\":\"https:\/\/africagastronomique.com\/#organization\",\"name\":\"AFRICA GASTRONOMIQUE\",\"url\":\"https:\/\/africagastronomique.com\/\",\"logo\":{\"@type\":\"ImageObject\",\"inLanguage\":\"en-US\",\"@id\":\"https:\/\/africagastronomique.com\/#\/schema\/logo\/image\/\",\"url\":\"https:\/\/africagastronomique.com\/wp-content\/uploads\/2020\/01\/cropped-cropped-logoafrique.png\",\"contentUrl\":\"https:\/\/africagastronomique.com\/wp-content\/uploads\/2020\/01\/cropped-cropped-logoafrique.png\",\"width\":121,\"height\":120,\"caption\":\"AFRICA GASTRONOMIQUE\"},\"image\":{\"@id\":\"https:\/\/africagastronomique.com\/#\/schema\/logo\/image\/\"}}]}<\/script>\n<!-- \/ Yoast SEO plugin. -->","yoast_head_json":{"title":"Corn Couscous Ndol\u00e9 smoked fish - AFRICA GASTRONOMIQUE","robots":{"index":"index","follow":"follow","max-snippet":"max-snippet:-1","max-image-preview":"max-image-preview:large","max-video-preview":"max-video-preview:-1"},"canonical":"https:\/\/africagastronomique.com\/en\/product\/corn-couscous-ndole-smoked-fish\/","og_locale":"en_US","og_type":"article","og_title":"Corn Couscous Ndol\u00e9 smoked fish - AFRICA GASTRONOMIQUE","og_description":"Couscous de ma\u00efs Ndol\u00e9 poisson fum\u00e9. Pays Cameroun \u00e0 consommer \u00e0 chaud.","og_url":"https:\/\/africagastronomique.com\/en\/product\/corn-couscous-ndole-smoked-fish\/","og_site_name":"AFRICA GASTRONOMIQUE","article_modified_time":"2018-07-11T07:21:01+00:00","og_image":[{"width":1078,"height":756,"url":"https:\/\/africagastronomique.com\/wp-content\/uploads\/2018\/07\/Couscous-de-ma\u00efs-Ndol\u00e9-poisson-fum\u00e92.jpeg","type":"image\/jpeg"}],"twitter_card":"summary_large_image","schema":{"@context":"https:\/\/schema.org","@graph":[{"@type":"WebPage","@id":"https:\/\/africagastronomique.com\/produit\/corn-couscous-ndole-smoked-fish\/","url":"https:\/\/africagastronomique.com\/produit\/corn-couscous-ndole-smoked-fish\/","name":"Corn Couscous Ndol\u00e9 smoked fish - AFRICA GASTRONOMIQUE","isPartOf":{"@id":"https:\/\/africagastronomique.com\/#website"},"datePublished":"2018-07-04T17:13:53+00:00","dateModified":"2018-07-11T07:21:01+00:00","breadcrumb":{"@id":"https:\/\/africagastronomique.com\/produit\/corn-couscous-ndole-smoked-fish\/#breadcrumb"},"inLanguage":"en-US","potentialAction":[{"@type":"ReadAction","target":["https:\/\/africagastronomique.com\/produit\/corn-couscous-ndole-smoked-fish\/"]}]},{"@type":"BreadcrumbList","@id":"https:\/\/africagastronomique.com\/produit\/corn-couscous-ndole-smoked-fish\/#breadcrumb","itemListElement":[{"@type":"ListItem","position":1,"name":"Accueil","item":"https:\/\/africagastronomique.com\/"},{"@type":"ListItem","position":2,"name":"Produits","item":"https:\/\/africagastronomique.com\/shop\/"},{"@type":"ListItem","position":3,"name":"Corn Couscous Ndol\u00e9 smoked fish"}]},{"@type":"WebSite","@id":"https:\/\/africagastronomique.com\/#website","url":"https:\/\/africagastronomique.com\/","name":"AFRICA GASTRONOMIQUE","description":"","publisher":{"@id":"https:\/\/africagastronomique.com\/#organization"},"potentialAction":[{"@type":"SearchAction","target":{"@type":"EntryPoint","urlTemplate":"https:\/\/africagastronomique.com\/?s={search_term_string}"},"query-input":"required name=search_term_string"}],"inLanguage":"en-US"},{"@type":"Organization","@id":"https:\/\/africagastronomique.com\/#organization","name":"AFRICA GASTRONOMIQUE","url":"https:\/\/africagastronomique.com\/","logo":{"@type":"ImageObject","inLanguage":"en-US","@id":"https:\/\/africagastronomique.com\/#\/schema\/logo\/image\/","url":"https:\/\/africagastronomique.com\/wp-content\/uploads\/2020\/01\/cropped-cropped-logoafrique.png","contentUrl":"https:\/\/africagastronomique.com\/wp-content\/uploads\/2020\/01\/cropped-cropped-logoafrique.png","width":121,"height":120,"caption":"AFRICA GASTRONOMIQUE"},"image":{"@id":"https:\/\/africagastronomique.com\/#\/schema\/logo\/image\/"}}]}},"_links":{"self":[{"href":"https:\/\/africagastronomique.com\/en\/wp-json\/wp\/v2\/product\/1144","targetHints":{"allow":["GET"]}}],"collection":[{"href":"https:\/\/africagastronomique.com\/en\/wp-json\/wp\/v2\/product"}],"about":[{"href":"https:\/\/africagastronomique.com\/en\/wp-json\/wp\/v2\/types\/product"}],"replies":[{"embeddable":true,"href":"https:\/\/africagastronomique.com\/en\/wp-json\/wp\/v2\/comments?post=1144"}],"wp:featuredmedia":[{"embeddable":true,"href":"https:\/\/africagastronomique.com\/en\/wp-json\/wp\/v2\/media\/1165"}],"wp:attachment":[{"href":"https:\/\/africagastronomique.com\/en\/wp-json\/wp\/v2\/media?parent=1144"}],"curies":[{"name":"wp","href":"https:\/\/api.w.org\/{rel}","templated":true}]}}