{"id":44,"date":"2016-07-25T10:38:10","date_gmt":"2016-07-25T10:38:10","guid":{"rendered":"http:\/\/cristiano.ukrdevs.com\/?page_id=44"},"modified":"2018-08-06T12:06:15","modified_gmt":"2018-08-06T12:06:15","slug":"news","status":"publish","type":"page","link":"https:\/\/africagastronomique.com\/en\/news\/","title":{"rendered":"News"},"content":{"rendered":"<div data-elementor-type=\"wp-post\" data-elementor-id=\"44\" class=\"elementor elementor-44 elementor-bc-flex-widget\">\n\t\t\t\t\t\t\t\t\t<section class=\"elementor-section elementor-top-section elementor-element elementor-element-2cc0e0e elementor-section-boxed elementor-section-height-default elementor-section-height-default\" data-id=\"2cc0e0e\" data-element_type=\"section\">\n\t\t\t\t\t\t<div class=\"elementor-container elementor-column-gap-default\">\n\t\t\t\t\t<div class=\"elementor-column elementor-col-33 elementor-top-column elementor-element elementor-element-f38a4a5\" data-id=\"f38a4a5\" data-element_type=\"column\">\n\t\t\t<div class=\"elementor-widget-wrap elementor-element-populated\">\n\t\t\t\t\t\t\t\t<div class=\"elementor-element elementor-element-f3573ba elementor-widget elementor-widget-image\" data-id=\"f3573ba\" data-element_type=\"widget\" data-widget_type=\"image.default\">\n\t\t\t\t<div class=\"elementor-widget-container\">\n\t\t\t\t\t\t\t\t\t\t\t\t\t\t\t<img loading=\"lazy\" decoding=\"async\" width=\"250\" height=\"250\" src=\"https:\/\/africagastronomique.com\/wp-content\/uploads\/2018\/07\/logo3-1.png\" class=\"attachment-large size-large wp-image-1357\" alt=\"\" \/>\t\t\t\t\t\t\t\t\t\t\t\t\t\t\t<\/div>\n\t\t\t\t<\/div>\n\t\t\t\t\t<\/div>\n\t\t<\/div>\n\t\t\t\t<div class=\"elementor-column elementor-col-66 elementor-top-column elementor-element elementor-element-8ea7d5a\" data-id=\"8ea7d5a\" data-element_type=\"column\">\n\t\t\t<div class=\"elementor-widget-wrap elementor-element-populated\">\n\t\t\t\t\t\t\t\t<div class=\"elementor-element elementor-element-b00f98f elementor-drop-cap-yes elementor-drop-cap-view-default elementor-widget elementor-widget-text-editor\" data-id=\"b00f98f\" data-element_type=\"widget\" data-settings=\"{&quot;drop_cap&quot;:&quot;yes&quot;}\" data-widget_type=\"text-editor.default\">\n\t\t\t\t<div class=\"elementor-widget-container\">\n\t\t\t\t\t\t\t<div style=\"text-align: justify;\"><p><span class=\"\">Nous sommes ravis d&rsquo;annoncer le lancement de\u00a0 l&rsquo; <\/span><strong><span class=\"\">Afrique gastronomique<\/span><\/strong><span class=\"\"> projet qui ouvrira enfin ses portes dans les prochains jours dans <\/span><strong><span class=\"\">15 pays africains<\/span><\/strong><span class=\"\"> . <\/span><span class=\"\">A cette occasion , <\/span><span class=\"\">nous vous invitons \u00e0 visiter notre site Web. <\/span><a href=\"https:\/\/africagastronomique.com\/en\/\">www.africagastronmique.com . <\/a> <span lang=\"en\">Prenez note de nos diff\u00e9rents <strong><a href=\"https:\/\/africagastronomique.com\/en\/our-services\/\">services<\/a><\/strong> . Et ne pas oublier de cr\u00e9er un personnel <strong><a href=\"https:\/\/africagastronomique.com\/en\/my-account\/\">compte<\/a><\/strong> . car il vous permettra de profiter davantage de nos services et une r\u00e9duction suppl\u00e9mentaire.<\/span><\/p><p><span lang=\"en\">Vous pouvez \u00e9galement obtenir attach\u00e9 directement avec le repr\u00e9sentant sur le terrain dans chaque pays pour plus d&rsquo;informations les formations sont ouverts comme tous les autres services et vous attendent. -Afrique Gastronomic- prendre soin de tous vos probl\u00e8mes dans la cuisine africaine ancestrale gastronomique africaine et notre objectif. Encore une fois, nous vous remercions.<\/span><\/p><p><strong>bienvenue \u00e0 -Afrique Gastronomique-.<\/strong><\/p><\/div>\t\t\t\t\t\t<\/div>\n\t\t\t\t<\/div>\n\t\t\t\t\t<\/div>\n\t\t<\/div>\n\t\t\t\t\t\t\t<\/div>\n\t\t<\/section>\n\t\t\t\t<section class=\"elementor-section elementor-top-section elementor-element elementor-element-25a5ddc elementor-section-boxed elementor-section-height-default elementor-section-height-default\" data-id=\"25a5ddc\" data-element_type=\"section\">\n\t\t\t\t\t\t<div class=\"elementor-container elementor-column-gap-default\">\n\t\t\t\t\t<div class=\"elementor-column elementor-col-66 elementor-top-column elementor-element elementor-element-033a985\" data-id=\"033a985\" data-element_type=\"column\">\n\t\t\t<div class=\"elementor-widget-wrap elementor-element-populated\">\n\t\t\t\t\t\t\t\t<div class=\"elementor-element elementor-element-3cbfe10 elementor-drop-cap-yes elementor-drop-cap-view-default elementor-widget elementor-widget-text-editor\" data-id=\"3cbfe10\" data-element_type=\"widget\" data-settings=\"{&quot;drop_cap&quot;:&quot;yes&quot;}\" data-widget_type=\"text-editor.default\">\n\t\t\t\t<div class=\"elementor-widget-container\">\n\t\t\t\t\t\t\t<div style=\"text-align:justify;\"><h2><strong>Chef Joseph Lamcma<\/strong><\/h2>\nHe was born more than 30 years ago. After his primary and secondary studies he decided to embark on the business of hospitality and catering so he is now a seasoned chef. Joseph Lamcma to rain of 11 years in the hotel and catering industry, especially in the European Italian cuisine, continental cuisine and Arabic cuisine. he has a great experience on international cuisine. So he has 7 years of experience in grand palaces as is Address Hotel Dubai Mall. Sofitel Dubai Marina.\n<p id=\"tw-target-text\" class=\"tw-data-text tw-ta tw-text-small\" dir=\"ltr\" data-placeholder=\"Traduction\"><span lang=\"en\">Cameroonian origin <strong>Joseph Lamcma<\/strong> made his first steps in the hotel business as a chef and butler in the star restaurant restaurant in Akwa Douala. The chef in the hotel Le Capitol Cameroon. He is the director of the <strong>Africa Gastronomique<\/strong> project. he leads all the operations and the methodology of Africa Gastronomique on the international and continental level. Me: Joseph Lamcma I would be delighted to work on the <strong>Africa Gastronomique<\/strong> project. because I intend to give the best of myself to be able to write the History of the <strong>African gastronomic<\/strong> and redo the standard and the service of the hotel industry in general. Africa gourmet for me is now only a reality. \u00a0\u00a0\u00a0\u00a0\u00a0\u00a0\u00a0\u00a0\u00a0\u00a0\u00a0\u00a0\u00a0\u00a0\u00a0\u00a0\u00a0\u00a0\u00a0\u00a0\u00a0\u00a0\u00a0\u00a0\u00a0\u00a0\u00a0\u00a0\u00a0\u00a0\u00a0\u00a0\u00a0\n<p>\u00a0\u00a0\u00a0\u00a0\u00a0\u00a0\u00a0\u00a0\u00a0<strong>Thank you for this initiative<\/strong><\/p><\/span><\/p><\/div>\t\t\t\t\t\t<\/div>\n\t\t\t\t<\/div>\n\t\t\t\t<div class=\"elementor-element elementor-element-8a69192 elementor-button-warning elementor-align-center elementor-widget elementor-widget-button\" data-id=\"8a69192\" data-element_type=\"widget\" data-widget_type=\"button.default\">\n\t\t\t\t<div class=\"elementor-widget-container\">\n\t\t\t\t\t<div class=\"elementor-button-wrapper\">\n\t\t\t<a class=\"elementor-button elementor-button-link elementor-size-md\" href=\"https:\/\/africagastronomique.com\/en\/our-team\/\">\n\t\t\t\t\t\t<span class=\"elementor-button-content-wrapper\">\n\t\t\t\t\t\t<span class=\"elementor-button-icon elementor-align-icon-left\">\n\t\t\t\t\t\t\t\t\t<i class=\"fa fa-users\" aria-hidden=\"true\"><\/i>\n\t\t\t\t\t\t\t<\/span>\n\t\t\t\t\t\t<span class=\"elementor-button-text\">View all members<\/span>\n\t\t<\/span>\n\t\t\t\t\t<\/a>\n\t\t<\/div>\n\t\t\t\t<\/div>\n\t\t\t\t<\/div>\n\t\t\t\t\t<\/div>\n\t\t<\/div>\n\t\t\t\t<div class=\"elementor-column elementor-col-33 elementor-top-column elementor-element elementor-element-17dc4ad\" data-id=\"17dc4ad\" data-element_type=\"column\">\n\t\t\t<div class=\"elementor-widget-wrap elementor-element-populated\">\n\t\t\t\t\t\t\t\t<div class=\"elementor-element elementor-element-add1b59 elementor-widget elementor-widget-image\" data-id=\"add1b59\" data-element_type=\"widget\" data-widget_type=\"image.default\">\n\t\t\t\t<div class=\"elementor-widget-container\">\n\t\t\t\t\t\t\t\t\t\t\t\t\t\t\t<img loading=\"lazy\" decoding=\"async\" width=\"419\" height=\"280\" src=\"https:\/\/africagastronomique.com\/wp-content\/uploads\/2018\/07\/Chef-Lamcma-joseph2-1-419x280.jpg\" class=\"attachment-shop_catalog size-shop_catalog wp-image-1368\" alt=\"\" \/>\t\t\t\t\t\t\t\t\t\t\t\t\t\t\t<\/div>\n\t\t\t\t<\/div>\n\t\t\t\t\t<\/div>\n\t\t<\/div>\n\t\t\t\t\t\t\t<\/div>\n\t\t<\/section>\n\t\t\t\t\t\t\t<\/div>","protected":false},"excerpt":{"rendered":"<p>Nous sommes ravis d&rsquo;annoncer le lancement de\u00a0 l&rsquo; Afrique gastronomique projet qui ouvrira enfin ses portes dans les prochains jours dans 15 pays africains . A cette occasion , nous&#8230;<\/p>","protected":false},"author":2,"featured_media":0,"parent":0,"menu_order":-7,"comment_status":"closed","ping_status":"closed","template":"","meta":{"footnotes":""},"class_list":["post-44","page","type-page","status-publish","hentry"],"yoast_head":"<!-- This site is optimized with the Yoast SEO plugin v21.4 - https:\/\/yoast.com\/wordpress\/plugins\/seo\/ -->\n<title>News - AFRICA GASTRONOMIQUE<\/title>\n<meta name=\"robots\" content=\"index, follow, max-snippet:-1, max-image-preview:large, max-video-preview:-1\" \/>\n<link rel=\"canonical\" href=\"https:\/\/africagastronomique.com\/en\/news\/\" \/>\n<meta property=\"og:locale\" content=\"en_US\" \/>\n<meta property=\"og:type\" content=\"article\" \/>\n<meta property=\"og:title\" content=\"News - AFRICA GASTRONOMIQUE\" \/>\n<meta property=\"og:description\" content=\"Nous sommes ravis d&rsquo;annoncer le lancement de\u00a0 l&rsquo; Afrique gastronomique projet qui ouvrira enfin ses portes dans les prochains jours dans 15 pays africains . A cette occasion , nous...\" \/>\n<meta property=\"og:url\" content=\"https:\/\/africagastronomique.com\/en\/news\/\" \/>\n<meta property=\"og:site_name\" content=\"AFRICA GASTRONOMIQUE\" \/>\n<meta property=\"article:modified_time\" content=\"2018-08-06T12:06:15+00:00\" \/>\n<meta property=\"og:image\" content=\"https:\/\/africagastronomique.com\/wp-content\/uploads\/2018\/07\/logo3-1.png\" \/>\n<meta name=\"twitter:card\" content=\"summary_large_image\" \/>\n<meta name=\"twitter:label1\" content=\"Est. reading time\" \/>\n\t<meta name=\"twitter:data1\" content=\"2 minutes\" \/>\n<script type=\"application\/ld+json\" class=\"yoast-schema-graph\">{\"@context\":\"https:\/\/schema.org\",\"@graph\":[{\"@type\":\"WebPage\",\"@id\":\"https:\/\/africagastronomique.com\/news\/\",\"url\":\"https:\/\/africagastronomique.com\/news\/\",\"name\":\"News - AFRICA GASTRONOMIQUE\",\"isPartOf\":{\"@id\":\"https:\/\/africagastronomique.com\/#website\"},\"datePublished\":\"2016-07-25T10:38:10+00:00\",\"dateModified\":\"2018-08-06T12:06:15+00:00\",\"breadcrumb\":{\"@id\":\"https:\/\/africagastronomique.com\/news\/#breadcrumb\"},\"inLanguage\":\"en-US\",\"potentialAction\":[{\"@type\":\"ReadAction\",\"target\":[\"https:\/\/africagastronomique.com\/news\/\"]}]},{\"@type\":\"BreadcrumbList\",\"@id\":\"https:\/\/africagastronomique.com\/news\/#breadcrumb\",\"itemListElement\":[{\"@type\":\"ListItem\",\"position\":1,\"name\":\"Accueil\",\"item\":\"https:\/\/africagastronomique.com\/\"},{\"@type\":\"ListItem\",\"position\":2,\"name\":\"News\"}]},{\"@type\":\"WebSite\",\"@id\":\"https:\/\/africagastronomique.com\/#website\",\"url\":\"https:\/\/africagastronomique.com\/\",\"name\":\"AFRICA GASTRONOMIQUE\",\"description\":\"\",\"publisher\":{\"@id\":\"https:\/\/africagastronomique.com\/#organization\"},\"potentialAction\":[{\"@type\":\"SearchAction\",\"target\":{\"@type\":\"EntryPoint\",\"urlTemplate\":\"https:\/\/africagastronomique.com\/?s={search_term_string}\"},\"query-input\":\"required name=search_term_string\"}],\"inLanguage\":\"en-US\"},{\"@type\":\"Organization\",\"@id\":\"https:\/\/africagastronomique.com\/#organization\",\"name\":\"AFRICA GASTRONOMIQUE\",\"url\":\"https:\/\/africagastronomique.com\/\",\"logo\":{\"@type\":\"ImageObject\",\"inLanguage\":\"en-US\",\"@id\":\"https:\/\/africagastronomique.com\/#\/schema\/logo\/image\/\",\"url\":\"https:\/\/africagastronomique.com\/wp-content\/uploads\/2020\/01\/cropped-cropped-logoafrique.png\",\"contentUrl\":\"https:\/\/africagastronomique.com\/wp-content\/uploads\/2020\/01\/cropped-cropped-logoafrique.png\",\"width\":121,\"height\":120,\"caption\":\"AFRICA GASTRONOMIQUE\"},\"image\":{\"@id\":\"https:\/\/africagastronomique.com\/#\/schema\/logo\/image\/\"}}]}<\/script>\n<!-- \/ Yoast SEO plugin. -->","yoast_head_json":{"title":"News - AFRICA GASTRONOMIQUE","robots":{"index":"index","follow":"follow","max-snippet":"max-snippet:-1","max-image-preview":"max-image-preview:large","max-video-preview":"max-video-preview:-1"},"canonical":"https:\/\/africagastronomique.com\/en\/news\/","og_locale":"en_US","og_type":"article","og_title":"News - AFRICA GASTRONOMIQUE","og_description":"Nous sommes ravis d&rsquo;annoncer le lancement de\u00a0 l&rsquo; Afrique gastronomique projet qui ouvrira enfin ses portes dans les prochains jours dans 15 pays africains . A cette occasion , nous...","og_url":"https:\/\/africagastronomique.com\/en\/news\/","og_site_name":"AFRICA GASTRONOMIQUE","article_modified_time":"2018-08-06T12:06:15+00:00","og_image":[{"url":"https:\/\/africagastronomique.com\/wp-content\/uploads\/2018\/07\/logo3-1.png"}],"twitter_card":"summary_large_image","twitter_misc":{"Est. reading time":"2 minutes"},"schema":{"@context":"https:\/\/schema.org","@graph":[{"@type":"WebPage","@id":"https:\/\/africagastronomique.com\/news\/","url":"https:\/\/africagastronomique.com\/news\/","name":"News - AFRICA GASTRONOMIQUE","isPartOf":{"@id":"https:\/\/africagastronomique.com\/#website"},"datePublished":"2016-07-25T10:38:10+00:00","dateModified":"2018-08-06T12:06:15+00:00","breadcrumb":{"@id":"https:\/\/africagastronomique.com\/news\/#breadcrumb"},"inLanguage":"en-US","potentialAction":[{"@type":"ReadAction","target":["https:\/\/africagastronomique.com\/news\/"]}]},{"@type":"BreadcrumbList","@id":"https:\/\/africagastronomique.com\/news\/#breadcrumb","itemListElement":[{"@type":"ListItem","position":1,"name":"Accueil","item":"https:\/\/africagastronomique.com\/"},{"@type":"ListItem","position":2,"name":"News"}]},{"@type":"WebSite","@id":"https:\/\/africagastronomique.com\/#website","url":"https:\/\/africagastronomique.com\/","name":"AFRICA GASTRONOMIQUE","description":"","publisher":{"@id":"https:\/\/africagastronomique.com\/#organization"},"potentialAction":[{"@type":"SearchAction","target":{"@type":"EntryPoint","urlTemplate":"https:\/\/africagastronomique.com\/?s={search_term_string}"},"query-input":"required name=search_term_string"}],"inLanguage":"en-US"},{"@type":"Organization","@id":"https:\/\/africagastronomique.com\/#organization","name":"AFRICA GASTRONOMIQUE","url":"https:\/\/africagastronomique.com\/","logo":{"@type":"ImageObject","inLanguage":"en-US","@id":"https:\/\/africagastronomique.com\/#\/schema\/logo\/image\/","url":"https:\/\/africagastronomique.com\/wp-content\/uploads\/2020\/01\/cropped-cropped-logoafrique.png","contentUrl":"https:\/\/africagastronomique.com\/wp-content\/uploads\/2020\/01\/cropped-cropped-logoafrique.png","width":121,"height":120,"caption":"AFRICA GASTRONOMIQUE"},"image":{"@id":"https:\/\/africagastronomique.com\/#\/schema\/logo\/image\/"}}]}},"_links":{"self":[{"href":"https:\/\/africagastronomique.com\/en\/wp-json\/wp\/v2\/pages\/44","targetHints":{"allow":["GET"]}}],"collection":[{"href":"https:\/\/africagastronomique.com\/en\/wp-json\/wp\/v2\/pages"}],"about":[{"href":"https:\/\/africagastronomique.com\/en\/wp-json\/wp\/v2\/types\/page"}],"author":[{"embeddable":true,"href":"https:\/\/africagastronomique.com\/en\/wp-json\/wp\/v2\/users\/2"}],"replies":[{"embeddable":true,"href":"https:\/\/africagastronomique.com\/en\/wp-json\/wp\/v2\/comments?post=44"}],"version-history":[{"count":31,"href":"https:\/\/africagastronomique.com\/en\/wp-json\/wp\/v2\/pages\/44\/revisions"}],"predecessor-version":[{"id":2316,"href":"https:\/\/africagastronomique.com\/en\/wp-json\/wp\/v2\/pages\/44\/revisions\/2316"}],"wp:attachment":[{"href":"https:\/\/africagastronomique.com\/en\/wp-json\/wp\/v2\/media?parent=44"}],"curies":[{"name":"wp","href":"https:\/\/api.w.org\/{rel}","templated":true}]}}